{"id":5787,"date":"2023-02-09T08:49:26","date_gmt":"2023-02-09T07:49:26","guid":{"rendered":"https:\/\/supereule.pl\/?page_id=5787"},"modified":"2023-02-09T09:18:25","modified_gmt":"2023-02-09T08:18:25","slug":"lehrerdatenbank","status":"publish","type":"page","link":"https:\/\/supereule.pl\/de\/lehrerdatenbank\/","title":{"rendered":"Lehrerdatenbank"},"content":{"rendered":"<p>&nbsp;<\/p>\n<p>Sehr geehrte Deutschlehrerinnen und Deutschlehrer,<\/p>\n<p>sehr geehrte Fachlehrerinnen und Fachlehrer mit Deutschkenntnissen,<\/p>\n<p>&nbsp;<\/p>\n<p>in Sorge um die deutsche Sprache und die Sprachausbildung erstellte die Sozial-Kulturelle Gesellschaft der Deutschen im Oppelner Schlesien (SKGD) ein Online-Formular zum Aufbau einer Datenbank.<\/p>\n<p>Wir bitten Sie sich kurz Zeit zu nehmen und folgendes Formular auszuf\u00fcllen:\u00a0<a href=\"https:\/\/skgd.pl\/formularz-dla-nauczycieli\/\" target=\"_blank\" rel=\"noopener\">https:\/\/skgd.pl\/formularz-dla-nauczycieli\/<\/a><\/p>\n<p>Sie erhalten dadurch keinen Newsletter oder sonstige regelm\u00e4\u00dfige E-Mails. Aber f\u00fcr die SKGD und den Verband der sozial-kulturellen Gesellschaften in Polen (VdG) w\u00e4ren Sie so erreichbar f\u00fcr f\u00fcr Sie relevante Angebote oder au\u00dfergew\u00f6hnliche Veranstaltungen den Bildungsbereich und Unterricht Deutsch als Minderheitensprache betreffend.<\/p>\n<p>&nbsp;<\/p>\n","protected":false},"excerpt":{"rendered":"<p>&nbsp; Sehr geehrte Deutschlehrerinnen und Deutschlehrer, sehr geehrte Fachlehrerinnen und Fachlehrer mit Deutschkenntnissen, &nbsp; in Sorge um die deutsche Sprache und die Sprachausbildung erstellte die Sozial-Kulturelle Gesellschaft der Deutschen im Oppelner Schlesien (SKGD) ein Online-Formular zum Aufbau einer Datenbank. Wir bitten Sie sich kurz Zeit zu nehmen und folgendes Formular auszuf\u00fcllen:\u00a0https:\/\/skgd.pl\/formularz-dla-nauczycieli\/ Sie erhalten dadurch keinen [&hellip;]<\/p>\n","protected":false},"author":5,"featured_media":0,"parent":0,"menu_order":0,"comment_status":"closed","ping_status":"closed","template":"","meta":[],"acf":[],"yoast_head":"<!-- This site is optimized with the Yoast SEO plugin v18.9 - https:\/\/yoast.com\/wordpress\/plugins\/seo\/ -->\n<title>Lehrerdatenbank - Supereule - Platforma edukacyjna Mniejszo\u015bci Niemieckiej<\/title>\n<meta name=\"robots\" content=\"index, follow, max-snippet:-1, max-image-preview:large, max-video-preview:-1\" \/>\n<link rel=\"canonical\" href=\"https:\/\/supereule.pl\/de\/lehrerdatenbank\/\" \/>\n<meta property=\"og:locale\" content=\"de_DE\" \/>\n<meta property=\"og:type\" content=\"article\" \/>\n<meta property=\"og:title\" content=\"Lehrerdatenbank - Supereule - Platforma edukacyjna Mniejszo\u015bci Niemieckiej\" \/>\n<meta property=\"og:description\" content=\"&nbsp; Sehr geehrte Deutschlehrerinnen und Deutschlehrer, sehr geehrte Fachlehrerinnen und Fachlehrer mit Deutschkenntnissen, &nbsp; in Sorge um die deutsche Sprache und die Sprachausbildung erstellte die Sozial-Kulturelle Gesellschaft der Deutschen im Oppelner Schlesien (SKGD) ein Online-Formular zum Aufbau einer Datenbank. Wir bitten Sie sich kurz Zeit zu nehmen und folgendes Formular auszuf\u00fcllen:\u00a0https:\/\/skgd.pl\/formularz-dla-nauczycieli\/ Sie erhalten dadurch keinen [&hellip;]\" \/>\n<meta property=\"og:url\" content=\"https:\/\/supereule.pl\/de\/lehrerdatenbank\/\" \/>\n<meta property=\"og:site_name\" content=\"Supereule - Platforma edukacyjna Mniejszo\u015bci Niemieckiej\" \/>\n<meta property=\"article:modified_time\" content=\"2023-02-09T08:18:25+00:00\" \/>\n<meta name=\"twitter:card\" content=\"summary_large_image\" \/>\n<meta name=\"twitter:label1\" content=\"Gesch\u00e4tzte Lesezeit\" \/>\n\t<meta name=\"twitter:data1\" content=\"1\u00a0Minute\" \/>\n<script type=\"application\/ld+json\" class=\"yoast-schema-graph\">{\"@context\":\"https:\/\/schema.org\",\"@graph\":[{\"@type\":\"WebSite\",\"@id\":\"https:\/\/supereule.pl\/de\/#website\",\"url\":\"https:\/\/supereule.pl\/de\/\",\"name\":\"Supereule - Platforma edukacyjna Mniejszo\u015bci Niemieckiej\",\"description\":\"\",\"potentialAction\":[{\"@type\":\"SearchAction\",\"target\":{\"@type\":\"EntryPoint\",\"urlTemplate\":\"https:\/\/supereule.pl\/de\/?s={search_term_string}\"},\"query-input\":\"required name=search_term_string\"}],\"inLanguage\":\"de\"},{\"@type\":\"WebPage\",\"@id\":\"https:\/\/supereule.pl\/de\/lehrerdatenbank\/#webpage\",\"url\":\"https:\/\/supereule.pl\/de\/lehrerdatenbank\/\",\"name\":\"Lehrerdatenbank - Supereule - Platforma edukacyjna Mniejszo\u015bci Niemieckiej\",\"isPartOf\":{\"@id\":\"https:\/\/supereule.pl\/de\/#website\"},\"datePublished\":\"2023-02-09T07:49:26+00:00\",\"dateModified\":\"2023-02-09T08:18:25+00:00\",\"breadcrumb\":{\"@id\":\"https:\/\/supereule.pl\/de\/lehrerdatenbank\/#breadcrumb\"},\"inLanguage\":\"de\",\"potentialAction\":[{\"@type\":\"ReadAction\",\"target\":[\"https:\/\/supereule.pl\/de\/lehrerdatenbank\/\"]}]},{\"@type\":\"BreadcrumbList\",\"@id\":\"https:\/\/supereule.pl\/de\/lehrerdatenbank\/#breadcrumb\",\"itemListElement\":[{\"@type\":\"ListItem\",\"position\":1,\"name\":\"Home\",\"item\":\"https:\/\/supereule.pl\/de\/\"},{\"@type\":\"ListItem\",\"position\":2,\"name\":\"Lehrerdatenbank\"}]}]}<\/script>\n<!-- \/ Yoast SEO plugin. -->","yoast_head_json":{"title":"Lehrerdatenbank - Supereule - Platforma edukacyjna Mniejszo\u015bci Niemieckiej","robots":{"index":"index","follow":"follow","max-snippet":"max-snippet:-1","max-image-preview":"max-image-preview:large","max-video-preview":"max-video-preview:-1"},"canonical":"https:\/\/supereule.pl\/de\/lehrerdatenbank\/","og_locale":"de_DE","og_type":"article","og_title":"Lehrerdatenbank - Supereule - Platforma edukacyjna Mniejszo\u015bci Niemieckiej","og_description":"&nbsp; Sehr geehrte Deutschlehrerinnen und Deutschlehrer, sehr geehrte Fachlehrerinnen und Fachlehrer mit Deutschkenntnissen, &nbsp; in Sorge um die deutsche Sprache und die Sprachausbildung erstellte die Sozial-Kulturelle Gesellschaft der Deutschen im Oppelner Schlesien (SKGD) ein Online-Formular zum Aufbau einer Datenbank. Wir bitten Sie sich kurz Zeit zu nehmen und folgendes Formular auszuf\u00fcllen:\u00a0https:\/\/skgd.pl\/formularz-dla-nauczycieli\/ Sie erhalten dadurch keinen [&hellip;]","og_url":"https:\/\/supereule.pl\/de\/lehrerdatenbank\/","og_site_name":"Supereule - Platforma edukacyjna Mniejszo\u015bci Niemieckiej","article_modified_time":"2023-02-09T08:18:25+00:00","twitter_card":"summary_large_image","twitter_misc":{"Gesch\u00e4tzte Lesezeit":"1\u00a0Minute"},"schema":{"@context":"https:\/\/schema.org","@graph":[{"@type":"WebSite","@id":"https:\/\/supereule.pl\/de\/#website","url":"https:\/\/supereule.pl\/de\/","name":"Supereule - Platforma edukacyjna Mniejszo\u015bci Niemieckiej","description":"","potentialAction":[{"@type":"SearchAction","target":{"@type":"EntryPoint","urlTemplate":"https:\/\/supereule.pl\/de\/?s={search_term_string}"},"query-input":"required name=search_term_string"}],"inLanguage":"de"},{"@type":"WebPage","@id":"https:\/\/supereule.pl\/de\/lehrerdatenbank\/#webpage","url":"https:\/\/supereule.pl\/de\/lehrerdatenbank\/","name":"Lehrerdatenbank - Supereule - Platforma edukacyjna Mniejszo\u015bci Niemieckiej","isPartOf":{"@id":"https:\/\/supereule.pl\/de\/#website"},"datePublished":"2023-02-09T07:49:26+00:00","dateModified":"2023-02-09T08:18:25+00:00","breadcrumb":{"@id":"https:\/\/supereule.pl\/de\/lehrerdatenbank\/#breadcrumb"},"inLanguage":"de","potentialAction":[{"@type":"ReadAction","target":["https:\/\/supereule.pl\/de\/lehrerdatenbank\/"]}]},{"@type":"BreadcrumbList","@id":"https:\/\/supereule.pl\/de\/lehrerdatenbank\/#breadcrumb","itemListElement":[{"@type":"ListItem","position":1,"name":"Home","item":"https:\/\/supereule.pl\/de\/"},{"@type":"ListItem","position":2,"name":"Lehrerdatenbank"}]}]}},"_links":{"self":[{"href":"https:\/\/supereule.pl\/de\/wp-json\/wp\/v2\/pages\/5787"}],"collection":[{"href":"https:\/\/supereule.pl\/de\/wp-json\/wp\/v2\/pages"}],"about":[{"href":"https:\/\/supereule.pl\/de\/wp-json\/wp\/v2\/types\/page"}],"author":[{"embeddable":true,"href":"https:\/\/supereule.pl\/de\/wp-json\/wp\/v2\/users\/5"}],"replies":[{"embeddable":true,"href":"https:\/\/supereule.pl\/de\/wp-json\/wp\/v2\/comments?post=5787"}],"version-history":[{"count":4,"href":"https:\/\/supereule.pl\/de\/wp-json\/wp\/v2\/pages\/5787\/revisions"}],"predecessor-version":[{"id":5795,"href":"https:\/\/supereule.pl\/de\/wp-json\/wp\/v2\/pages\/5787\/revisions\/5795"}],"wp:attachment":[{"href":"https:\/\/supereule.pl\/de\/wp-json\/wp\/v2\/media?parent=5787"}],"curies":[{"name":"wp","href":"https:\/\/api.w.org\/{rel}","templated":true}]}}