{"id":5744,"date":"2023-02-07T14:57:21","date_gmt":"2023-02-07T13:57:21","guid":{"rendered":"https:\/\/supereule.pl\/?page_id=5744"},"modified":"2023-02-10T09:17:34","modified_gmt":"2023-02-10T08:17:34","slug":"stellenboerse","status":"publish","type":"page","link":"https:\/\/supereule.pl\/de\/stellenboerse\/","title":{"rendered":"Stellenb\u00f6rse"},"content":{"rendered":"<p>Wenn auch Sie Ihr Stellenangebot f\u00fcr <strong>Deutschlehrerinnen und Deutschlehrer (Deutsch als Minderheitensprache) <\/strong>sowie <strong>Lehrerinnen und Lehrer zweisprachiger F\u00e4cher<\/strong>\u00a0oder f\u00fcr <strong>Honorarkr\u00e4fte f\u00fcr Projekte des Bereichs Sprachf\u00f6rderung der deutschen Sprache als Minderheitensprache<\/strong> hier ver\u00f6ffentlichen m\u00f6chten, dann melden Sie sich mit einer vorgefertigten Beschreibung inkl. einer Kontaktangabe, wo sich Stelleninteressierte bei Ihnen melden k\u00f6nnen, (und wenn m\u00f6glich auf Deutsch und Polnisch) per Mail an <a href=\"mailto:supereule@supereule.pl\"><span style=\"color: #0000ff;\">supereule@supereule.pl<\/span><\/a>.<\/p>\n<p>&nbsp;<\/p>\n<p><a href=\"https:\/\/supereule.pl\/de\/category\/stellenboerse\/deutschlehrerinnen-und-deutschlehrer\/\">\u21d2Hier kommen Sie zu den Stellenangeboten f\u00fcr Deutschlehrerinnen und Deutschlehrer sowie Fachlehrkr\u00e4fte zweisprachiger F\u00e4cher\u21d0<\/a><\/p>\n<p>&nbsp;<\/p>\n<p><a href=\"https:\/\/supereule.pl\/de\/category\/stellenboerse\/honorarkraefte-fuer-sprachprojekte\/\">\u21d2Hier kommen Sie zu den Stellenangeboten f\u00fcr Honorarkr\u00e4fte\u21d0<\/a><\/p>\n","protected":false},"excerpt":{"rendered":"<p>Wenn auch Sie Ihr Stellenangebot f\u00fcr Deutschlehrerinnen und Deutschlehrer (Deutsch als Minderheitensprache) sowie Lehrerinnen und Lehrer zweisprachiger F\u00e4cher\u00a0oder f\u00fcr Honorarkr\u00e4fte f\u00fcr Projekte des Bereichs Sprachf\u00f6rderung der deutschen Sprache als Minderheitensprache hier ver\u00f6ffentlichen m\u00f6chten, dann melden Sie sich mit einer vorgefertigten Beschreibung inkl. einer Kontaktangabe, wo sich Stelleninteressierte bei Ihnen melden k\u00f6nnen, (und wenn m\u00f6glich auf [&hellip;]<\/p>\n","protected":false},"author":5,"featured_media":0,"parent":0,"menu_order":0,"comment_status":"closed","ping_status":"closed","template":"","meta":[],"acf":[],"yoast_head":"<!-- This site is optimized with the Yoast SEO plugin v18.9 - https:\/\/yoast.com\/wordpress\/plugins\/seo\/ -->\n<title>Stellenb\u00f6rse - Supereule - Platforma edukacyjna Mniejszo\u015bci Niemieckiej<\/title>\n<meta name=\"robots\" content=\"index, follow, max-snippet:-1, max-image-preview:large, max-video-preview:-1\" \/>\n<link rel=\"canonical\" href=\"https:\/\/supereule.pl\/de\/stellenboerse\/\" \/>\n<meta property=\"og:locale\" content=\"de_DE\" \/>\n<meta property=\"og:type\" content=\"article\" \/>\n<meta property=\"og:title\" content=\"Stellenb\u00f6rse - Supereule - Platforma edukacyjna Mniejszo\u015bci Niemieckiej\" \/>\n<meta property=\"og:description\" content=\"Wenn auch Sie Ihr Stellenangebot f\u00fcr Deutschlehrerinnen und Deutschlehrer (Deutsch als Minderheitensprache) sowie Lehrerinnen und Lehrer zweisprachiger F\u00e4cher\u00a0oder f\u00fcr Honorarkr\u00e4fte f\u00fcr Projekte des Bereichs Sprachf\u00f6rderung der deutschen Sprache als Minderheitensprache hier ver\u00f6ffentlichen m\u00f6chten, dann melden Sie sich mit einer vorgefertigten Beschreibung inkl. einer Kontaktangabe, wo sich Stelleninteressierte bei Ihnen melden k\u00f6nnen, (und wenn m\u00f6glich auf [&hellip;]\" \/>\n<meta property=\"og:url\" content=\"https:\/\/supereule.pl\/de\/stellenboerse\/\" \/>\n<meta property=\"og:site_name\" content=\"Supereule - Platforma edukacyjna Mniejszo\u015bci Niemieckiej\" \/>\n<meta property=\"article:modified_time\" content=\"2023-02-10T08:17:34+00:00\" \/>\n<meta name=\"twitter:card\" content=\"summary_large_image\" \/>\n<meta name=\"twitter:label1\" content=\"Gesch\u00e4tzte Lesezeit\" \/>\n\t<meta name=\"twitter:data1\" content=\"1\u00a0Minute\" \/>\n<script type=\"application\/ld+json\" class=\"yoast-schema-graph\">{\"@context\":\"https:\/\/schema.org\",\"@graph\":[{\"@type\":\"WebSite\",\"@id\":\"https:\/\/supereule.pl\/de\/#website\",\"url\":\"https:\/\/supereule.pl\/de\/\",\"name\":\"Supereule - Platforma edukacyjna Mniejszo\u015bci Niemieckiej\",\"description\":\"\",\"potentialAction\":[{\"@type\":\"SearchAction\",\"target\":{\"@type\":\"EntryPoint\",\"urlTemplate\":\"https:\/\/supereule.pl\/de\/?s={search_term_string}\"},\"query-input\":\"required name=search_term_string\"}],\"inLanguage\":\"de\"},{\"@type\":\"WebPage\",\"@id\":\"https:\/\/supereule.pl\/de\/stellenboerse\/#webpage\",\"url\":\"https:\/\/supereule.pl\/de\/stellenboerse\/\",\"name\":\"Stellenb\u00f6rse - Supereule - Platforma edukacyjna Mniejszo\u015bci Niemieckiej\",\"isPartOf\":{\"@id\":\"https:\/\/supereule.pl\/de\/#website\"},\"datePublished\":\"2023-02-07T13:57:21+00:00\",\"dateModified\":\"2023-02-10T08:17:34+00:00\",\"breadcrumb\":{\"@id\":\"https:\/\/supereule.pl\/de\/stellenboerse\/#breadcrumb\"},\"inLanguage\":\"de\",\"potentialAction\":[{\"@type\":\"ReadAction\",\"target\":[\"https:\/\/supereule.pl\/de\/stellenboerse\/\"]}]},{\"@type\":\"BreadcrumbList\",\"@id\":\"https:\/\/supereule.pl\/de\/stellenboerse\/#breadcrumb\",\"itemListElement\":[{\"@type\":\"ListItem\",\"position\":1,\"name\":\"Home\",\"item\":\"https:\/\/supereule.pl\/de\/\"},{\"@type\":\"ListItem\",\"position\":2,\"name\":\"Stellenb\u00f6rse\"}]}]}<\/script>\n<!-- \/ Yoast SEO plugin. -->","yoast_head_json":{"title":"Stellenb\u00f6rse - Supereule - Platforma edukacyjna Mniejszo\u015bci Niemieckiej","robots":{"index":"index","follow":"follow","max-snippet":"max-snippet:-1","max-image-preview":"max-image-preview:large","max-video-preview":"max-video-preview:-1"},"canonical":"https:\/\/supereule.pl\/de\/stellenboerse\/","og_locale":"de_DE","og_type":"article","og_title":"Stellenb\u00f6rse - Supereule - Platforma edukacyjna Mniejszo\u015bci Niemieckiej","og_description":"Wenn auch Sie Ihr Stellenangebot f\u00fcr Deutschlehrerinnen und Deutschlehrer (Deutsch als Minderheitensprache) sowie Lehrerinnen und Lehrer zweisprachiger F\u00e4cher\u00a0oder f\u00fcr Honorarkr\u00e4fte f\u00fcr Projekte des Bereichs Sprachf\u00f6rderung der deutschen Sprache als Minderheitensprache hier ver\u00f6ffentlichen m\u00f6chten, dann melden Sie sich mit einer vorgefertigten Beschreibung inkl. einer Kontaktangabe, wo sich Stelleninteressierte bei Ihnen melden k\u00f6nnen, (und wenn m\u00f6glich auf [&hellip;]","og_url":"https:\/\/supereule.pl\/de\/stellenboerse\/","og_site_name":"Supereule - Platforma edukacyjna Mniejszo\u015bci Niemieckiej","article_modified_time":"2023-02-10T08:17:34+00:00","twitter_card":"summary_large_image","twitter_misc":{"Gesch\u00e4tzte Lesezeit":"1\u00a0Minute"},"schema":{"@context":"https:\/\/schema.org","@graph":[{"@type":"WebSite","@id":"https:\/\/supereule.pl\/de\/#website","url":"https:\/\/supereule.pl\/de\/","name":"Supereule - Platforma edukacyjna Mniejszo\u015bci Niemieckiej","description":"","potentialAction":[{"@type":"SearchAction","target":{"@type":"EntryPoint","urlTemplate":"https:\/\/supereule.pl\/de\/?s={search_term_string}"},"query-input":"required name=search_term_string"}],"inLanguage":"de"},{"@type":"WebPage","@id":"https:\/\/supereule.pl\/de\/stellenboerse\/#webpage","url":"https:\/\/supereule.pl\/de\/stellenboerse\/","name":"Stellenb\u00f6rse - Supereule - Platforma edukacyjna Mniejszo\u015bci Niemieckiej","isPartOf":{"@id":"https:\/\/supereule.pl\/de\/#website"},"datePublished":"2023-02-07T13:57:21+00:00","dateModified":"2023-02-10T08:17:34+00:00","breadcrumb":{"@id":"https:\/\/supereule.pl\/de\/stellenboerse\/#breadcrumb"},"inLanguage":"de","potentialAction":[{"@type":"ReadAction","target":["https:\/\/supereule.pl\/de\/stellenboerse\/"]}]},{"@type":"BreadcrumbList","@id":"https:\/\/supereule.pl\/de\/stellenboerse\/#breadcrumb","itemListElement":[{"@type":"ListItem","position":1,"name":"Home","item":"https:\/\/supereule.pl\/de\/"},{"@type":"ListItem","position":2,"name":"Stellenb\u00f6rse"}]}]}},"_links":{"self":[{"href":"https:\/\/supereule.pl\/de\/wp-json\/wp\/v2\/pages\/5744"}],"collection":[{"href":"https:\/\/supereule.pl\/de\/wp-json\/wp\/v2\/pages"}],"about":[{"href":"https:\/\/supereule.pl\/de\/wp-json\/wp\/v2\/types\/page"}],"author":[{"embeddable":true,"href":"https:\/\/supereule.pl\/de\/wp-json\/wp\/v2\/users\/5"}],"replies":[{"embeddable":true,"href":"https:\/\/supereule.pl\/de\/wp-json\/wp\/v2\/comments?post=5744"}],"version-history":[{"count":6,"href":"https:\/\/supereule.pl\/de\/wp-json\/wp\/v2\/pages\/5744\/revisions"}],"predecessor-version":[{"id":5809,"href":"https:\/\/supereule.pl\/de\/wp-json\/wp\/v2\/pages\/5744\/revisions\/5809"}],"wp:attachment":[{"href":"https:\/\/supereule.pl\/de\/wp-json\/wp\/v2\/media?parent=5744"}],"curies":[{"name":"wp","href":"https:\/\/api.w.org\/{rel}","templated":true}]}}