{"id":2491,"date":"2022-03-15T14:37:04","date_gmt":"2022-03-15T13:37:04","guid":{"rendered":"https:\/\/supereule.pl\/super-moc\/"},"modified":"2022-11-03T14:13:56","modified_gmt":"2022-11-03T13:13:56","slug":"super-moc","status":"publish","type":"page","link":"https:\/\/supereule.pl\/de\/super-moc\/","title":{"rendered":"Super-Kraft"},"content":{"rendered":"<p><img loading=\"lazy\" class=\"alignnone wp-image-2489\" style=\"float: left; margin-bottom: 110px;\" src=\"https:\/\/supereule.pl\/wp-content\/uploads\/2022\/03\/sowa.png\" alt=\"\" width=\"200\" height=\"202\" \/> Herzlich Willkommen! Ich bin die Super-Eule. Ich bin das allgemeine Symbol f\u00fcr die Internet-Plattform der Deutschen Minderheit www.supereule.pl, auf der alle f\u00fcr die Bildung relevanten Projekte und Informationen gesammelt werden. Hier finden Sch\u00fclerinnen und Sch\u00fcler coole Ideen zum Erlernen der deutschen Sprache, aber auch zum Kennenlernen der deutschen Kultur; Eltern finden hier Hinweise, was f\u00fcr Projekte alle Organisationen der deutschen Minderheit (in der Wojewodschaft Oppeln) f\u00fcr alle Altersgruppen anbieten oder wie sie an der Minderheitenbildung ihrer Kinder mitwirken k\u00f6nnen. F\u00fcr Lehrerinnen und Lehrer habe ich nicht nur Unterrichtsideen im Angebot, sondern auch alles \u00fcber Wettbewerbe, Schulprojekte und Veranstaltungen, die sie selbst oder auch ihre Schulklassen in Anspruch nehmen k\u00f6nnen. Jeden Tag habe ich f\u00fcr Sie eine neue Portion an Informationen! Ich hab\u2018 die Super-Kraft! <img class=\"emoji\" role=\"img\" draggable=\"false\" src=\"https:\/\/s.w.org\/images\/core\/emoji\/13.1.0\/svg\/1f642.svg\" alt=\"?\" \/><\/p>\n<p><img loading=\"lazy\" class=\"alignnone wp-image-2444\" style=\"float: left;\" src=\"https:\/\/supereule.pl\/wp-content\/uploads\/2022\/03\/sowa_czapka-296x300.gif\" alt=\"\" width=\"200\" height=\"202\" \/>Guten Tag allerseits. Ich bin die Lehrer-Eule. Das erkennen Sie an dem Lineal und der schlau aussehenden Kopfbedeckung, wie von einer US-amerikanischen Hochschule ausgeliehen. Ich bin ein Zeichen daf\u00fcr, dass sich die jeweilige Information eben an die Lehrerinnen und Lehrer richtet. Manchmal hoffe ich, dass die Lehrkr\u00e4fte meine Nachrichten einfach weitergeben, manchmal sind es Hinweise, die nur f\u00fcr sie n\u00fctzlich sind. Merken Sie sich mein Lineal und meinen Uni-Hut, liebe Lehrerinnen und Lehrer!<br \/>\nLasst uns zusammenarbeiten <img class=\"emoji\" role=\"img\" draggable=\"false\" src=\"https:\/\/s.w.org\/images\/core\/emoji\/13.1.0\/svg\/1f642.svg\" alt=\"?\" \/><\/p>\n<p><img loading=\"lazy\" class=\"alignnone wp-image-2045\" style=\"float: left;\" src=\"https:\/\/supereule.pl\/wp-content\/uploads\/2022\/02\/sowa-296x300.gif\" alt=\"\" width=\"200\" height=\"202\" \/>Hallihallo! Ich bin die Eltern-Sch\u00fcler-Eule. Ich weise auf all das hin, was f\u00fcr diese beiden Gruppen am wichtigsten ist. Meistens sind es diverse Veranstaltungen, Wettbewerbe, Projekte u.\u00e4., aber auch interessante B\u00fccher, Fernsehprogramme oder noch andere, f\u00fcr Sie und euch relevante Nachrichten. Schauen Sie und ihr gern \u00f6fters bei mir vorbei! Ich w\u00fcrde mich riesig freuen <img class=\"emoji\" role=\"img\" draggable=\"false\" src=\"https:\/\/s.w.org\/images\/core\/emoji\/13.1.0\/svg\/1f642.svg\" alt=\"?\" \/><\/p>\n<p><img loading=\"lazy\" class=\"alignnone wp-image-2446\" style=\"float: left;\" src=\"https:\/\/supereule.pl\/wp-content\/uploads\/2022\/03\/sowa_paragraf-296x300.gif\" alt=\"\" width=\"200\" height=\"202\" \/>Guten Morgen. Oder auch: Guten Tag, beziehungsweise: Guten Abend. Ich bin die Gesetz-Eule. Wenn Sie mich bei einer Nachricht sehen, handelt es sich sicherlich um eine juristische Information, meistens auf die Situation der deutschen Minderheit bezogen: auf den Minderheitenunterricht, auf die eventuellen \u00c4nderungen in der Gesetzgebung oder einfach auf die geltenden Vorschriften. Ich berichte sowohl f\u00fcr Lehrkr\u00e4fte, als auch f\u00fcr Eltern und sogar f\u00fcr (\u00e4ltere) Sch\u00fclerinnen und Sch\u00fcler. Z\u00f6gern Sie nicht, mich zu besuchen. Bleiben Sie auf dem neusten Stand!<\/p>\n<p style=\"text-align: right;\">Collage &#8222;Eule&#8220; Halina Fleger<\/p>\n<style>.single-text p:first-child{height:320px;}.single-text p:nth-child(2) {height:220px;}.single-text p:nth-child(3) {height:205px;}.single-text p:nth-child(4) {height:250px;}<br \/> @media only screen and (max-width: 600px) {<br \/>    .single-text p:first-child{height:890px;}.single-text p:nth-child(2) {height:590px;}.single-text p:nth-child(3) {height:385px;}.single-text p:nth-child(4) {height:600px;}<br \/>}<br \/><\/style>\n","protected":false},"excerpt":{"rendered":"<p>Herzlich Willkommen! Ich bin die Super-Eule. Ich bin das allgemeine Symbol f\u00fcr die Internet-Plattform der Deutschen Minderheit www.supereule.pl, auf der alle f\u00fcr die Bildung relevanten Projekte und Informationen gesammelt werden. Hier finden Sch\u00fclerinnen und Sch\u00fcler coole Ideen zum Erlernen der deutschen Sprache, aber auch zum Kennenlernen der deutschen Kultur; Eltern finden hier Hinweise, was f\u00fcr [&hellip;]<\/p>\n","protected":false},"author":2,"featured_media":0,"parent":0,"menu_order":0,"comment_status":"closed","ping_status":"closed","template":"","meta":[],"acf":[],"yoast_head":"<!-- This site is optimized with the Yoast SEO plugin v18.9 - https:\/\/yoast.com\/wordpress\/plugins\/seo\/ -->\n<title>Super-Kraft - Supereule - Platforma edukacyjna Mniejszo\u015bci Niemieckiej<\/title>\n<meta name=\"robots\" content=\"index, follow, max-snippet:-1, max-image-preview:large, max-video-preview:-1\" \/>\n<link rel=\"canonical\" href=\"https:\/\/supereule.pl\/de\/super-moc\/\" \/>\n<meta property=\"og:locale\" content=\"de_DE\" \/>\n<meta property=\"og:type\" content=\"article\" \/>\n<meta property=\"og:title\" content=\"Super-Kraft - Supereule - Platforma edukacyjna Mniejszo\u015bci Niemieckiej\" \/>\n<meta property=\"og:description\" content=\"Herzlich Willkommen! Ich bin die Super-Eule. Ich bin das allgemeine Symbol f\u00fcr die Internet-Plattform der Deutschen Minderheit www.supereule.pl, auf der alle f\u00fcr die Bildung relevanten Projekte und Informationen gesammelt werden. Hier finden Sch\u00fclerinnen und Sch\u00fcler coole Ideen zum Erlernen der deutschen Sprache, aber auch zum Kennenlernen der deutschen Kultur; Eltern finden hier Hinweise, was f\u00fcr [&hellip;]\" \/>\n<meta property=\"og:url\" content=\"https:\/\/supereule.pl\/de\/super-moc\/\" \/>\n<meta property=\"og:site_name\" content=\"Supereule - Platforma edukacyjna Mniejszo\u015bci Niemieckiej\" \/>\n<meta property=\"article:modified_time\" content=\"2022-11-03T13:13:56+00:00\" \/>\n<meta property=\"og:image\" content=\"https:\/\/supereule.pl\/wp-content\/uploads\/2022\/03\/sowa.png\" \/>\n<meta name=\"twitter:card\" content=\"summary_large_image\" \/>\n<meta name=\"twitter:label1\" content=\"Gesch\u00e4tzte Lesezeit\" \/>\n\t<meta name=\"twitter:data1\" content=\"4\u00a0Minuten\" \/>\n<script type=\"application\/ld+json\" class=\"yoast-schema-graph\">{\"@context\":\"https:\/\/schema.org\",\"@graph\":[{\"@type\":\"WebSite\",\"@id\":\"https:\/\/supereule.pl\/de\/#website\",\"url\":\"https:\/\/supereule.pl\/de\/\",\"name\":\"Supereule - Platforma edukacyjna Mniejszo\u015bci Niemieckiej\",\"description\":\"\",\"potentialAction\":[{\"@type\":\"SearchAction\",\"target\":{\"@type\":\"EntryPoint\",\"urlTemplate\":\"https:\/\/supereule.pl\/de\/?s={search_term_string}\"},\"query-input\":\"required name=search_term_string\"}],\"inLanguage\":\"de\"},{\"@type\":\"ImageObject\",\"inLanguage\":\"de\",\"@id\":\"https:\/\/supereule.pl\/de\/super-moc\/#primaryimage\",\"url\":\"https:\/\/supereule.pl\/wp-content\/uploads\/2022\/03\/sowa.png\",\"contentUrl\":\"https:\/\/supereule.pl\/wp-content\/uploads\/2022\/03\/sowa.png\",\"width\":296,\"height\":300},{\"@type\":\"WebPage\",\"@id\":\"https:\/\/supereule.pl\/de\/super-moc\/#webpage\",\"url\":\"https:\/\/supereule.pl\/de\/super-moc\/\",\"name\":\"Super-Kraft - Supereule - Platforma edukacyjna Mniejszo\u015bci Niemieckiej\",\"isPartOf\":{\"@id\":\"https:\/\/supereule.pl\/de\/#website\"},\"primaryImageOfPage\":{\"@id\":\"https:\/\/supereule.pl\/de\/super-moc\/#primaryimage\"},\"datePublished\":\"2022-03-15T13:37:04+00:00\",\"dateModified\":\"2022-11-03T13:13:56+00:00\",\"breadcrumb\":{\"@id\":\"https:\/\/supereule.pl\/de\/super-moc\/#breadcrumb\"},\"inLanguage\":\"de\",\"potentialAction\":[{\"@type\":\"ReadAction\",\"target\":[\"https:\/\/supereule.pl\/de\/super-moc\/\"]}]},{\"@type\":\"BreadcrumbList\",\"@id\":\"https:\/\/supereule.pl\/de\/super-moc\/#breadcrumb\",\"itemListElement\":[{\"@type\":\"ListItem\",\"position\":1,\"name\":\"Home\",\"item\":\"https:\/\/supereule.pl\/de\/\"},{\"@type\":\"ListItem\",\"position\":2,\"name\":\"Super-Kraft\"}]}]}<\/script>\n<!-- \/ Yoast SEO plugin. -->","yoast_head_json":{"title":"Super-Kraft - Supereule - Platforma edukacyjna Mniejszo\u015bci Niemieckiej","robots":{"index":"index","follow":"follow","max-snippet":"max-snippet:-1","max-image-preview":"max-image-preview:large","max-video-preview":"max-video-preview:-1"},"canonical":"https:\/\/supereule.pl\/de\/super-moc\/","og_locale":"de_DE","og_type":"article","og_title":"Super-Kraft - Supereule - Platforma edukacyjna Mniejszo\u015bci Niemieckiej","og_description":"Herzlich Willkommen! Ich bin die Super-Eule. Ich bin das allgemeine Symbol f\u00fcr die Internet-Plattform der Deutschen Minderheit www.supereule.pl, auf der alle f\u00fcr die Bildung relevanten Projekte und Informationen gesammelt werden. Hier finden Sch\u00fclerinnen und Sch\u00fcler coole Ideen zum Erlernen der deutschen Sprache, aber auch zum Kennenlernen der deutschen Kultur; Eltern finden hier Hinweise, was f\u00fcr [&hellip;]","og_url":"https:\/\/supereule.pl\/de\/super-moc\/","og_site_name":"Supereule - Platforma edukacyjna Mniejszo\u015bci Niemieckiej","article_modified_time":"2022-11-03T13:13:56+00:00","og_image":[{"url":"https:\/\/supereule.pl\/wp-content\/uploads\/2022\/03\/sowa.png"}],"twitter_card":"summary_large_image","twitter_misc":{"Gesch\u00e4tzte Lesezeit":"4\u00a0Minuten"},"schema":{"@context":"https:\/\/schema.org","@graph":[{"@type":"WebSite","@id":"https:\/\/supereule.pl\/de\/#website","url":"https:\/\/supereule.pl\/de\/","name":"Supereule - Platforma edukacyjna Mniejszo\u015bci Niemieckiej","description":"","potentialAction":[{"@type":"SearchAction","target":{"@type":"EntryPoint","urlTemplate":"https:\/\/supereule.pl\/de\/?s={search_term_string}"},"query-input":"required name=search_term_string"}],"inLanguage":"de"},{"@type":"ImageObject","inLanguage":"de","@id":"https:\/\/supereule.pl\/de\/super-moc\/#primaryimage","url":"https:\/\/supereule.pl\/wp-content\/uploads\/2022\/03\/sowa.png","contentUrl":"https:\/\/supereule.pl\/wp-content\/uploads\/2022\/03\/sowa.png","width":296,"height":300},{"@type":"WebPage","@id":"https:\/\/supereule.pl\/de\/super-moc\/#webpage","url":"https:\/\/supereule.pl\/de\/super-moc\/","name":"Super-Kraft - Supereule - Platforma edukacyjna Mniejszo\u015bci Niemieckiej","isPartOf":{"@id":"https:\/\/supereule.pl\/de\/#website"},"primaryImageOfPage":{"@id":"https:\/\/supereule.pl\/de\/super-moc\/#primaryimage"},"datePublished":"2022-03-15T13:37:04+00:00","dateModified":"2022-11-03T13:13:56+00:00","breadcrumb":{"@id":"https:\/\/supereule.pl\/de\/super-moc\/#breadcrumb"},"inLanguage":"de","potentialAction":[{"@type":"ReadAction","target":["https:\/\/supereule.pl\/de\/super-moc\/"]}]},{"@type":"BreadcrumbList","@id":"https:\/\/supereule.pl\/de\/super-moc\/#breadcrumb","itemListElement":[{"@type":"ListItem","position":1,"name":"Home","item":"https:\/\/supereule.pl\/de\/"},{"@type":"ListItem","position":2,"name":"Super-Kraft"}]}]}},"_links":{"self":[{"href":"https:\/\/supereule.pl\/de\/wp-json\/wp\/v2\/pages\/2491"}],"collection":[{"href":"https:\/\/supereule.pl\/de\/wp-json\/wp\/v2\/pages"}],"about":[{"href":"https:\/\/supereule.pl\/de\/wp-json\/wp\/v2\/types\/page"}],"author":[{"embeddable":true,"href":"https:\/\/supereule.pl\/de\/wp-json\/wp\/v2\/users\/2"}],"replies":[{"embeddable":true,"href":"https:\/\/supereule.pl\/de\/wp-json\/wp\/v2\/comments?post=2491"}],"version-history":[{"count":11,"href":"https:\/\/supereule.pl\/de\/wp-json\/wp\/v2\/pages\/2491\/revisions"}],"predecessor-version":[{"id":4687,"href":"https:\/\/supereule.pl\/de\/wp-json\/wp\/v2\/pages\/2491\/revisions\/4687"}],"wp:attachment":[{"href":"https:\/\/supereule.pl\/de\/wp-json\/wp\/v2\/media?parent=2491"}],"curies":[{"name":"wp","href":"https:\/\/api.w.org\/{rel}","templated":true}]}}