{"id":11533,"date":"2026-03-25T10:07:18","date_gmt":"2026-03-25T09:07:18","guid":{"rendered":"https:\/\/supereule.pl\/egzamin-kwalifikacyjny-dla-nauczycieli-jezyka-niemieckiego-jako-jezyka-mniejszosci\/"},"modified":"2026-03-25T10:08:23","modified_gmt":"2026-03-25T09:08:23","slug":"egzamin-kwalifikacyjny-dla-nauczycieli-jezyka-niemieckiego-jako-jezyka-mniejszosci","status":"publish","type":"page","link":"https:\/\/supereule.pl\/de\/egzamin-kwalifikacyjny-dla-nauczycieli-jezyka-niemieckiego-jako-jezyka-mniejszosci\/","title":{"rendered":"QUALIFIKATIONSPR\u00dcFUNG F\u00dcR LEHRKR\u00c4FTE F\u00dcR DEUTSCH ALS MINDERHEITENSPRACHE"},"content":{"rendered":"<p><script src=\"\/\/widget.simplybook.it\/v2\/widget\/widget.js\" type=\"text\/javascript\"><\/script><br \/>\n<script type=\"text\/javascript\">\n    var widget = new SimplybookWidget({\"widget_type\":\"iframe\",\"url\":\"https:\\\/\\\/fielmannag.simplybook.it\",\"theme\":\"creative\",\"theme_settings\":{\"timeline_show_end_time\":\"0\",\"timeline_modern_display\":\"as_slots\",\"timeline_hide_unavailable\":\"1\",\"index_page_content_grid\":\"[{\\\"template\\\":\\\"col_25_50_25\\\",\\\"items\\\":[\\\"timetable\\\",\\\"about-us\\\",\\\"contacts\\\"]}]\",\"hide_past_days\":\"0\",\"sb_base_color\":\"#ffffff\",\"display_item_mode\":\"block\",\"booking_nav_bg_color\":\"#000000\",\"body_bg_color\":\"#ffffff\",\"sb_review_image\":\"\",\"dark_font_color\":\"#474747\",\"light_font_color\":\"#ffffff\",\"btn_color_1\":\"#ffc2cc\",\"hide_img_mode\":\"0\",\"show_sidebar\":\"1\",\"sb_busy\":\"#c7b3b3\",\"sb_available\":\"#d6ebff\"},\"timeline\":\"modern\",\"datepicker\":\"top_calendar\",\"is_rtl\":false,\"app_config\":{\"clear_session\":0,\"allow_switch_to_ada\":0,\"predefined\":{\"provider\":\"1\",\"service\":\"1\"}}});\n<\/script><\/p>\n","protected":false},"excerpt":{"rendered":"","protected":false},"author":2,"featured_media":0,"parent":0,"menu_order":0,"comment_status":"closed","ping_status":"closed","template":"","meta":[],"acf":[],"yoast_head":"<!-- This site is optimized with the Yoast SEO plugin v18.9 - https:\/\/yoast.com\/wordpress\/plugins\/seo\/ -->\n<title>QUALIFIKATIONSPR\u00dcFUNG F\u00dcR LEHRKR\u00c4FTE F\u00dcR DEUTSCH ALS MINDERHEITENSPRACHE - Supereule - Platforma edukacyjna Mniejszo\u015bci Niemieckiej<\/title>\n<meta name=\"robots\" content=\"index, follow, max-snippet:-1, max-image-preview:large, max-video-preview:-1\" \/>\n<link rel=\"canonical\" href=\"https:\/\/supereule.pl\/de\/egzamin-kwalifikacyjny-dla-nauczycieli-jezyka-niemieckiego-jako-jezyka-mniejszosci\/\" \/>\n<meta property=\"og:locale\" content=\"de_DE\" \/>\n<meta property=\"og:type\" content=\"article\" \/>\n<meta property=\"og:title\" content=\"QUALIFIKATIONSPR\u00dcFUNG F\u00dcR LEHRKR\u00c4FTE F\u00dcR DEUTSCH ALS MINDERHEITENSPRACHE - Supereule - Platforma edukacyjna Mniejszo\u015bci Niemieckiej\" \/>\n<meta property=\"og:url\" content=\"https:\/\/supereule.pl\/de\/egzamin-kwalifikacyjny-dla-nauczycieli-jezyka-niemieckiego-jako-jezyka-mniejszosci\/\" \/>\n<meta property=\"og:site_name\" content=\"Supereule - Platforma edukacyjna Mniejszo\u015bci Niemieckiej\" \/>\n<meta property=\"article:modified_time\" content=\"2026-03-25T09:08:23+00:00\" \/>\n<meta name=\"twitter:card\" content=\"summary_large_image\" \/>\n<script type=\"application\/ld+json\" class=\"yoast-schema-graph\">{\"@context\":\"https:\/\/schema.org\",\"@graph\":[{\"@type\":\"WebSite\",\"@id\":\"https:\/\/supereule.pl\/de\/#website\",\"url\":\"https:\/\/supereule.pl\/de\/\",\"name\":\"Supereule - Platforma edukacyjna Mniejszo\u015bci Niemieckiej\",\"description\":\"\",\"potentialAction\":[{\"@type\":\"SearchAction\",\"target\":{\"@type\":\"EntryPoint\",\"urlTemplate\":\"https:\/\/supereule.pl\/de\/?s={search_term_string}\"},\"query-input\":\"required name=search_term_string\"}],\"inLanguage\":\"de\"},{\"@type\":\"WebPage\",\"@id\":\"https:\/\/supereule.pl\/de\/egzamin-kwalifikacyjny-dla-nauczycieli-jezyka-niemieckiego-jako-jezyka-mniejszosci\/#webpage\",\"url\":\"https:\/\/supereule.pl\/de\/egzamin-kwalifikacyjny-dla-nauczycieli-jezyka-niemieckiego-jako-jezyka-mniejszosci\/\",\"name\":\"QUALIFIKATIONSPR\u00dcFUNG F\u00dcR LEHRKR\u00c4FTE F\u00dcR DEUTSCH ALS MINDERHEITENSPRACHE - Supereule - Platforma edukacyjna Mniejszo\u015bci Niemieckiej\",\"isPartOf\":{\"@id\":\"https:\/\/supereule.pl\/de\/#website\"},\"datePublished\":\"2026-03-25T09:07:18+00:00\",\"dateModified\":\"2026-03-25T09:08:23+00:00\",\"breadcrumb\":{\"@id\":\"https:\/\/supereule.pl\/de\/egzamin-kwalifikacyjny-dla-nauczycieli-jezyka-niemieckiego-jako-jezyka-mniejszosci\/#breadcrumb\"},\"inLanguage\":\"de\",\"potentialAction\":[{\"@type\":\"ReadAction\",\"target\":[\"https:\/\/supereule.pl\/de\/egzamin-kwalifikacyjny-dla-nauczycieli-jezyka-niemieckiego-jako-jezyka-mniejszosci\/\"]}]},{\"@type\":\"BreadcrumbList\",\"@id\":\"https:\/\/supereule.pl\/de\/egzamin-kwalifikacyjny-dla-nauczycieli-jezyka-niemieckiego-jako-jezyka-mniejszosci\/#breadcrumb\",\"itemListElement\":[{\"@type\":\"ListItem\",\"position\":1,\"name\":\"Home\",\"item\":\"https:\/\/supereule.pl\/de\/\"},{\"@type\":\"ListItem\",\"position\":2,\"name\":\"QUALIFIKATIONSPR\u00dcFUNG F\u00dcR LEHRKR\u00c4FTE F\u00dcR DEUTSCH ALS MINDERHEITENSPRACHE\"}]}]}<\/script>\n<!-- \/ Yoast SEO plugin. -->","yoast_head_json":{"title":"QUALIFIKATIONSPR\u00dcFUNG F\u00dcR LEHRKR\u00c4FTE F\u00dcR DEUTSCH ALS MINDERHEITENSPRACHE - Supereule - Platforma edukacyjna Mniejszo\u015bci Niemieckiej","robots":{"index":"index","follow":"follow","max-snippet":"max-snippet:-1","max-image-preview":"max-image-preview:large","max-video-preview":"max-video-preview:-1"},"canonical":"https:\/\/supereule.pl\/de\/egzamin-kwalifikacyjny-dla-nauczycieli-jezyka-niemieckiego-jako-jezyka-mniejszosci\/","og_locale":"de_DE","og_type":"article","og_title":"QUALIFIKATIONSPR\u00dcFUNG F\u00dcR LEHRKR\u00c4FTE F\u00dcR DEUTSCH ALS MINDERHEITENSPRACHE - Supereule - Platforma edukacyjna Mniejszo\u015bci Niemieckiej","og_url":"https:\/\/supereule.pl\/de\/egzamin-kwalifikacyjny-dla-nauczycieli-jezyka-niemieckiego-jako-jezyka-mniejszosci\/","og_site_name":"Supereule - Platforma edukacyjna Mniejszo\u015bci Niemieckiej","article_modified_time":"2026-03-25T09:08:23+00:00","twitter_card":"summary_large_image","schema":{"@context":"https:\/\/schema.org","@graph":[{"@type":"WebSite","@id":"https:\/\/supereule.pl\/de\/#website","url":"https:\/\/supereule.pl\/de\/","name":"Supereule - Platforma edukacyjna Mniejszo\u015bci Niemieckiej","description":"","potentialAction":[{"@type":"SearchAction","target":{"@type":"EntryPoint","urlTemplate":"https:\/\/supereule.pl\/de\/?s={search_term_string}"},"query-input":"required name=search_term_string"}],"inLanguage":"de"},{"@type":"WebPage","@id":"https:\/\/supereule.pl\/de\/egzamin-kwalifikacyjny-dla-nauczycieli-jezyka-niemieckiego-jako-jezyka-mniejszosci\/#webpage","url":"https:\/\/supereule.pl\/de\/egzamin-kwalifikacyjny-dla-nauczycieli-jezyka-niemieckiego-jako-jezyka-mniejszosci\/","name":"QUALIFIKATIONSPR\u00dcFUNG F\u00dcR LEHRKR\u00c4FTE F\u00dcR DEUTSCH ALS MINDERHEITENSPRACHE - Supereule - Platforma edukacyjna Mniejszo\u015bci Niemieckiej","isPartOf":{"@id":"https:\/\/supereule.pl\/de\/#website"},"datePublished":"2026-03-25T09:07:18+00:00","dateModified":"2026-03-25T09:08:23+00:00","breadcrumb":{"@id":"https:\/\/supereule.pl\/de\/egzamin-kwalifikacyjny-dla-nauczycieli-jezyka-niemieckiego-jako-jezyka-mniejszosci\/#breadcrumb"},"inLanguage":"de","potentialAction":[{"@type":"ReadAction","target":["https:\/\/supereule.pl\/de\/egzamin-kwalifikacyjny-dla-nauczycieli-jezyka-niemieckiego-jako-jezyka-mniejszosci\/"]}]},{"@type":"BreadcrumbList","@id":"https:\/\/supereule.pl\/de\/egzamin-kwalifikacyjny-dla-nauczycieli-jezyka-niemieckiego-jako-jezyka-mniejszosci\/#breadcrumb","itemListElement":[{"@type":"ListItem","position":1,"name":"Home","item":"https:\/\/supereule.pl\/de\/"},{"@type":"ListItem","position":2,"name":"QUALIFIKATIONSPR\u00dcFUNG F\u00dcR LEHRKR\u00c4FTE F\u00dcR DEUTSCH ALS MINDERHEITENSPRACHE"}]}]}},"_links":{"self":[{"href":"https:\/\/supereule.pl\/de\/wp-json\/wp\/v2\/pages\/11533"}],"collection":[{"href":"https:\/\/supereule.pl\/de\/wp-json\/wp\/v2\/pages"}],"about":[{"href":"https:\/\/supereule.pl\/de\/wp-json\/wp\/v2\/types\/page"}],"author":[{"embeddable":true,"href":"https:\/\/supereule.pl\/de\/wp-json\/wp\/v2\/users\/2"}],"replies":[{"embeddable":true,"href":"https:\/\/supereule.pl\/de\/wp-json\/wp\/v2\/comments?post=11533"}],"version-history":[{"count":2,"href":"https:\/\/supereule.pl\/de\/wp-json\/wp\/v2\/pages\/11533\/revisions"}],"predecessor-version":[{"id":11535,"href":"https:\/\/supereule.pl\/de\/wp-json\/wp\/v2\/pages\/11533\/revisions\/11535"}],"wp:attachment":[{"href":"https:\/\/supereule.pl\/de\/wp-json\/wp\/v2\/media?parent=11533"}],"curies":[{"name":"wp","href":"https:\/\/api.w.org\/{rel}","templated":true}]}}